{"id":55369,"date":"2025-05-22T12:05:41","date_gmt":"2025-05-22T10:05:41","guid":{"rendered":"https:\/\/centredelamar.com\/becas\/"},"modified":"2025-11-25T08:58:31","modified_gmt":"2025-11-25T07:58:31","slug":"becas","status":"publish","type":"page","link":"https:\/\/centredelamar.com\/es\/becas\/","title":{"rendered":"Becas"},"content":{"rendered":"<p>[et_pb_section fb_built=\u00bb1&#8243; _builder_version=\u00bb4.16&#8243; _module_preset=\u00bbdefault\u00bb background_color=\u00bb#f9f9f9&#8243; custom_padding=\u00bb0px||0px||false|false\u00bb da_disable_devices=\u00bboff|off|off\u00bb border_width_bottom=\u00bb1px\u00bb border_color_bottom=\u00bb#ededed\u00bb border_style_bottom=\u00bbdashed\u00bb saved_tabs=\u00bball\u00bb global_colors_info=\u00bb{}\u00bb da_is_popup=\u00bboff\u00bb da_exit_intent=\u00bboff\u00bb da_has_close=\u00bbon\u00bb da_alt_close=\u00bboff\u00bb da_dark_close=\u00bboff\u00bb da_not_modal=\u00bbon\u00bb da_is_singular=\u00bboff\u00bb da_with_loader=\u00bboff\u00bb da_has_shadow=\u00bbon\u00bb][et_pb_row _builder_version=\u00bb4.16&#8243; _module_preset=\u00bbdefault\u00bb custom_padding=\u00bb50px||||false|false\u00bb global_colors_info=\u00bb{}\u00bb][et_pb_column type=\u00bb4_4&#8243; _builder_version=\u00bb4.16&#8243; _module_preset=\u00bbdefault\u00bb global_colors_info=\u00bb{}\u00bb][et_pb_text _builder_version=\u00bb4.27.4&#8243; _module_preset=\u00bbf000dfbd-5fc7-46b7-88db-37a369f4e677&#8243; max_width=\u00bb770px\u00bb global_colors_info=\u00bb{}\u00bb]<\/p>\n<h1>Informaci\u00f3n Becas y ayudas<\/h1>\n<p>[\/et_pb_text][et_pb_text _builder_version=\u00bb4.27.4&#8243; _module_preset=\u00bbf000dfbd-5fc7-46b7-88db-37a369f4e677&#8243; header_2_font=\u00bbBariol Bold|||on|||||\u00bb header_2_text_color=\u00bb#afafaf\u00bb header_2_font_size=\u00bb16px\u00bb header_2_line_height=\u00bb1.2em\u00bb max_width=\u00bb770px\u00bb global_colors_info=\u00bb{}\u00bb][\/et_pb_text][\/et_pb_column][\/et_pb_row][\/et_pb_section][et_pb_section fb_built=\u00bb1&#8243; specialty=\u00bbon\u00bb _builder_version=\u00bb4.16&#8243; _module_preset=\u00bbdefault\u00bb custom_padding=\u00bb0px||||false|false\u00bb da_disable_devices=\u00bboff|off|off\u00bb global_colors_info=\u00bb{}\u00bb da_is_popup=\u00bboff\u00bb da_exit_intent=\u00bboff\u00bb da_has_close=\u00bbon\u00bb da_alt_close=\u00bboff\u00bb da_dark_close=\u00bboff\u00bb da_not_modal=\u00bbon\u00bb da_is_singular=\u00bboff\u00bb da_with_loader=\u00bboff\u00bb da_has_shadow=\u00bbon\u00bb][et_pb_column type=\u00bb3_4&#8243; specialty_columns=\u00bb3&#8243; _builder_version=\u00bb4.16&#8243; custom_padding=\u00bb|||\u00bb global_colors_info=\u00bb{}\u00bb custom_padding__hover=\u00bb|||\u00bb][et_pb_row_inner _builder_version=\u00bb4.24.2&#8243; _module_preset=\u00bbdefault\u00bb custom_padding=\u00bb||0px||false|false\u00bb global_colors_info=\u00bb{}\u00bb][et_pb_column_inner saved_specialty_column_type=\u00bb3_4&#8243; _builder_version=\u00bb4.16&#8243; _module_preset=\u00bbdefault\u00bb global_colors_info=\u00bb{}\u00bb][et_pb_accordion icon_color=\u00bb#e31e52&#8243; use_icon_font_size=\u00bbon\u00bb icon_font_size=\u00bb21px\u00bb _builder_version=\u00bb4.27.4&#8243; _module_preset=\u00bbdefault\u00bb toggle_font_size=\u00bb18px\u00bb body_link_font=\u00bb||||||||\u00bb custom_margin=\u00bb||||false|false\u00bb link_option_url_new_window=\u00bbon\u00bb global_colors_info=\u00bb{}\u00bb][et_pb_accordion_item title=\u00bbInformaci\u00f3n becas y ayudas\u00bb open=\u00bbon\u00bb _builder_version=\u00bb4.27.4&#8243; _module_preset=\u00bbdefault\u00bb custom_margin=\u00bb||5px||false|false\u00bb link_option_url_new_window=\u00bbon\u00bb global_colors_info=\u00bb{}\u00bb]<\/p>\n<p>Informaci\u00f3n sobre requisitos y verificaci\u00f3n de becas y ayudas<\/p>\n<p>Cada beca o ayuda ofrecida cuenta con requisitos espec\u00edficos que hay que cumplir para poder acceder. Por este motivo, es muy importante que las personas interesadas revisen en detalle las condiciones de cada convocatoria y se aseguren que cumplen todos los criterios establecidos. Esta informaci\u00f3n est\u00e1 totalmente explicada en los enlaces correspondientes disponibles en esta p\u00e1gina.  <\/p>\n<p>Tened en cuenta que todos los requisitos declarados ser\u00e1n objeto de un proceso de verificaci\u00f3n por parte del equipo gestor, con el objetivo de garantizar la transparencia y la equidad en el otorgamiento de las becas.<\/p>\n<p>En el caso concreto de las ayudas vinculadas al SOIB, record\u00e1is que uno de los requisitos imprescindibles para poder optar a la beca es estar inscrito\/a al SOIB como demandante de ocupaci\u00f3n desocupado\/desocupada, seleccionando la opci\u00f3n B\u00fasqueda Activa de Empleo en el momento de la inscripci\u00f3n en l\u00ednea.<\/p>\n<p><b><\/b><\/p>\n<p>&nbsp;<\/p>\n<p>[\/et_pb_accordion_item][et_pb_accordion_item title=\u00bbEnlaces de inter\u00e9s\u00bb _builder_version=\u00bb4.27.4&#8243; _module_preset=\u00bbdefault\u00bb global_colors_info=\u00bb{}\u00bb open=\u00bboff\u00bb]<\/p>\n<p><a href=\"https:\/\/soib.es\/es\/becas-y-ayudas\/\">Recopilatorio Becas y ayudas SOIB<\/a><\/p>\n<p><a href=\"https:\/\/www.caib.es\/sites\/infojove\/ca\/76005\/\">Enlace informaci\u00f3n Becas y ayudas GOIB<\/a><\/p>\n<p>[\/et_pb_accordion_item][\/et_pb_accordion][\/et_pb_column_inner][\/et_pb_row_inner][\/et_pb_column][et_pb_column type=\u00bb1_4&#8243; _builder_version=\u00bb4.16&#8243; custom_padding=\u00bb|||\u00bb global_colors_info=\u00bb{}\u00bb custom_padding__hover=\u00bb|||\u00bb][et_pb_image src=\u00bbhttp:\/\/centredelamar.com\/wp-content\/uploads\/2021\/06\/centredelamar_cifp_fonstransparent-1.png\u00bb title_text=\u00bbcentredelamar_cifp_fonstransparent (1)\u00bb align=\u00bbcenter\u00bb _builder_version=\u00bb4.18.0&#8243; _module_preset=\u00bbdefault\u00bb max_width=\u00bb210px\u00bb global_colors_info=\u00bb{}\u00bb][\/et_pb_image][\/et_pb_column][\/et_pb_section]<\/p>\n","protected":false},"excerpt":{"rendered":"<p>Informaci\u00f3n Becas y ayudasInformaci\u00f3n sobre requisitos y verificaci\u00f3n de becas y ayudas Cada beca o ayuda ofrecida cuenta con requisitos espec\u00edficos que hay que cumplir para poder acceder. Por este motivo, es muy importante que las personas interesadas revisen en detalle las condiciones de cada convocatoria y se aseguren que cumplen todos los criterios establecidos. [&hellip;]<\/p>\n","protected":false},"author":7,"featured_media":0,"parent":0,"menu_order":0,"comment_status":"closed","ping_status":"closed","template":"","meta":{"_acf_changed":false,"_et_pb_use_builder":"on","_et_pb_old_content":"","_et_gb_content_width":"","footnotes":"","_links_to":"","_links_to_target":""},"class_list":["post-55369","page","type-page","status-publish","hentry"],"acf":[],"publishpress_future_action":{"enabled":false,"date":"2026-04-26 14:53:41","action":"change-status","newStatus":"draft","terms":[],"taxonomy":"translation_priority","extraData":[]},"publishpress_future_workflow_manual_trigger":{"enabledWorkflows":[]},"_links":{"self":[{"href":"https:\/\/centredelamar.com\/es\/wp-json\/wp\/v2\/pages\/55369","targetHints":{"allow":["GET"]}}],"collection":[{"href":"https:\/\/centredelamar.com\/es\/wp-json\/wp\/v2\/pages"}],"about":[{"href":"https:\/\/centredelamar.com\/es\/wp-json\/wp\/v2\/types\/page"}],"author":[{"embeddable":true,"href":"https:\/\/centredelamar.com\/es\/wp-json\/wp\/v2\/users\/7"}],"replies":[{"embeddable":true,"href":"https:\/\/centredelamar.com\/es\/wp-json\/wp\/v2\/comments?post=55369"}],"version-history":[{"count":4,"href":"https:\/\/centredelamar.com\/es\/wp-json\/wp\/v2\/pages\/55369\/revisions"}],"predecessor-version":[{"id":56413,"href":"https:\/\/centredelamar.com\/es\/wp-json\/wp\/v2\/pages\/55369\/revisions\/56413"}],"wp:attachment":[{"href":"https:\/\/centredelamar.com\/es\/wp-json\/wp\/v2\/media?parent=55369"}],"curies":[{"name":"wp","href":"https:\/\/api.w.org\/{rel}","templated":true}]}}