{"id":55075,"date":"2024-10-18T10:36:54","date_gmt":"2024-10-18T08:36:54","guid":{"rendered":"https:\/\/centredelamar.com\/erasmus-alianzas-para-la-innovacion\/"},"modified":"2025-06-17T09:59:12","modified_gmt":"2025-06-17T07:59:12","slug":"erasmus-copy-2","status":"publish","type":"page","link":"https:\/\/centredelamar.com\/es\/erasmus-copy-2\/","title":{"rendered":"ERASMUS+ Alianzas para la Innovaci\u00f3n"},"content":{"rendered":"<p>[et_pb_section fb_built=\u00bb1&#8243; _builder_version=\u00bb4.24.2&#8243; _module_preset=\u00bbdefault\u00bb background_color=\u00bb#f9f9f9&#8243; custom_padding=\u00bb0px||0px||false|false\u00bb da_disable_devices=\u00bboff|off|off\u00bb border_width_bottom=\u00bb1px\u00bb border_color_bottom=\u00bb#ededed\u00bb border_style_bottom=\u00bbdashed\u00bb saved_tabs=\u00bball\u00bb global_colors_info=\u00bb{}\u00bb da_is_popup=\u00bboff\u00bb da_exit_intent=\u00bboff\u00bb da_has_close=\u00bbon\u00bb da_alt_close=\u00bboff\u00bb da_dark_close=\u00bboff\u00bb da_not_modal=\u00bbon\u00bb da_is_singular=\u00bboff\u00bb da_with_loader=\u00bboff\u00bb da_has_shadow=\u00bbon\u00bb][et_pb_row column_structure=\u00bb3_5,2_5&#8243; _builder_version=\u00bb4.24.2&#8243; _module_preset=\u00bbdefault\u00bb custom_margin=\u00bb|auto|-45px|auto||\u00bb custom_padding=\u00bb50px||53px||false|false\u00bb global_colors_info=\u00bb{}\u00bb][et_pb_column type=\u00bb3_5&#8243; _builder_version=\u00bb4.24.2&#8243; _module_preset=\u00bbdefault\u00bb global_colors_info=\u00bb{}\u00bb][et_pb_text _builder_version=\u00bb4.27.0&#8243; _module_preset=\u00bbf000dfbd-5fc7-46b7-88db-37a369f4e677&#8243; locked=\u00bboff\u00bb global_colors_info=\u00bb{}\u00bb]<\/p>\n<h1>Erasmus+ Alianzas para la Innovaci\u00f3n<\/h1>\n<p>[\/et_pb_text][\/et_pb_column][et_pb_column type=\u00bb2_5&#8243; _builder_version=\u00bb4.16&#8243; _module_preset=\u00bbdefault\u00bb global_colors_info=\u00bb{}\u00bb][et_pb_image src=\u00bbhttps:\/\/centredelamar.com\/wp-content\/uploads\/2024\/03\/es_cofinanciado_por_la_union_europea_pos-e1709804598112.png\u00bb title_text=\u00bbes_cofinanciado_por_la_union_europea_pos\u00bb _builder_version=\u00bb4.24.2&#8243; _module_preset=\u00bbdefault\u00bb global_colors_info=\u00bb{}\u00bb][\/et_pb_image][\/et_pb_column][\/et_pb_row][\/et_pb_section][et_pb_section fb_built=\u00bb1&#8243; _builder_version=\u00bb4.18.0&#8243; _module_preset=\u00bbdefault\u00bb custom_margin=\u00bb||||false|false\u00bb custom_padding=\u00bb0px||0px||false|false\u00bb da_disable_devices=\u00bboff|off|off\u00bb global_colors_info=\u00bb{}\u00bb da_is_popup=\u00bboff\u00bb da_exit_intent=\u00bboff\u00bb da_has_close=\u00bbon\u00bb da_alt_close=\u00bboff\u00bb da_dark_close=\u00bboff\u00bb da_not_modal=\u00bbon\u00bb da_is_singular=\u00bboff\u00bb da_with_loader=\u00bboff\u00bb da_has_shadow=\u00bbon\u00bb][et_pb_row custom_padding_last_edited=\u00bboff|tablet\u00bb _builder_version=\u00bb4.18.0&#8243; _module_preset=\u00bbdefault\u00bb custom_padding=\u00bb||19px||false|false\u00bb global_colors_info=\u00bb{}\u00bb][et_pb_column type=\u00bb4_4&#8243; _builder_version=\u00bb4.16&#8243; _module_preset=\u00bbdefault\u00bb global_colors_info=\u00bb{}\u00bb][et_pb_text _builder_version=\u00bb4.24.2&#8243; _module_preset=\u00bbdefault\u00bb header_3_font=\u00bb|||on|||||\u00bb header_3_font_size=\u00bb19px\u00bb custom_margin=\u00bb||-8px||false|false\u00bb custom_padding=\u00bb||||false|false\u00bb border_color_bottom=\u00bb#ededed\u00bb border_style_bottom=\u00bbdashed\u00bb global_colors_info=\u00bb{}\u00bb]<\/p>\n<p><a href=\"https:\/\/erasmus-plus.ec.europa.eu\/es\">Erasmus+<\/a><span> es el programa de la UE para apoyar en la educaci\u00f3n, la formaci\u00f3n, la juventud y el deporte a Europa durante el periodo 2021-2027, y es el sucesor del programa Erasmus+ 2014-20.<\/span><\/p>\n<p>[\/et_pb_text][\/et_pb_column][\/et_pb_row][\/et_pb_section][et_pb_section fb_built=\u00bb1&#8243; _builder_version=\u00bb4.18.0&#8243; _module_preset=\u00bbdefault\u00bb custom_padding=\u00bb45px||0px||false|false\u00bb da_disable_devices=\u00bboff|off|off\u00bb global_colors_info=\u00bb{}\u00bb da_is_popup=\u00bboff\u00bb da_exit_intent=\u00bboff\u00bb da_has_close=\u00bbon\u00bb da_alt_close=\u00bboff\u00bb da_dark_close=\u00bboff\u00bb da_not_modal=\u00bbon\u00bb da_is_singular=\u00bboff\u00bb da_with_loader=\u00bboff\u00bb da_has_shadow=\u00bbon\u00bb][et_pb_row disabled_on=\u00bboff|off|off\u00bb _builder_version=\u00bb4.19.5&#8243; _module_preset=\u00bbdefault\u00bb custom_padding=\u00bb||0px||false|false\u00bb border_width_top=\u00bb1px\u00bb border_color_top=\u00bb#ededed\u00bb border_style_top=\u00bbdashed\u00bb global_colors_info=\u00bb{}\u00bb][et_pb_column type=\u00bb4_4&#8243; _builder_version=\u00bb4.16&#8243; _module_preset=\u00bbdefault\u00bb global_colors_info=\u00bb{}\u00bb][et_pb_text _builder_version=\u00bb4.24.2&#8243; _module_preset=\u00bbdefault\u00bb header_3_font=\u00bb||||||||\u00bb header_3_font_size=\u00bb25px\u00bb custom_margin=\u00bb||30px||false|false\u00bb custom_margin_tablet=\u00bb||30px||false|false\u00bb custom_margin_phone=\u00bb||30px||false|false\u00bb custom_margin_last_edited=\u00bbon|phone\u00bb custom_padding=\u00bb||||false|false\u00bb header_3_text_align_tablet=\u00bb\u00bb header_3_text_align_phone=\u00bbcenter\u00bb header_3_text_align_last_edited=\u00bbon|phone\u00bb border_color_top=\u00bb#ededed\u00bb border_style_top=\u00bbdashed\u00bb border_color_bottom=\u00bb#ededed\u00bb border_style_bottom=\u00bbdashed\u00bb global_colors_info=\u00bb{}\u00bb]<\/p>\n<h3>Erasmus+ TECONAUT<\/h3>\n<p>[\/et_pb_text][et_pb_accordion icon_color=\u00bb#e31e52&#8243; use_icon_font_size=\u00bbon\u00bb icon_font_size=\u00bb21px\u00bb module_class=\u00bbdocumentos\u00bb _builder_version=\u00bb4.27.4&#8243; _module_preset=\u00bbdefault\u00bb toggle_font_size=\u00bb18px\u00bb body_link_font=\u00bb||||||||\u00bb global_colors_info=\u00bb{}\u00bb][et_pb_accordion_item title=\u00bb1&#8243; _builder_version=\u00bb4.18.0&#8243; _module_preset=\u00bbdefault\u00bb custom_margin=\u00bb||5px||false|false\u00bb custom_css_main_element=\u00bbdisplay:none\u00bb global_colors_info=\u00bb{}\u00bb open=\u00bbon\u00bb][\/et_pb_accordion_item][et_pb_accordion_item title=\u00bbInformaci\u00f3n general\u00bb open=\u00bboff\u00bb _builder_version=\u00bb4.27.4&#8243; _module_preset=\u00bbdefault\u00bb body_link_font=\u00bb||on||||||\u00bb custom_margin=\u00bb||5px||false|false\u00bb global_colors_info=\u00bb{}\u00bb]<\/p>\n<div class=\"gmail_default\"><span style=\"font-family: inherit;\"><span style=\"color: #000000;\">TEcoNaut es un proyecto financiado por la Uni\u00f3n Europea, Programa <\/span>ERASMUS-EDU-2023-PI-<wbr><\/wbr>ALL-INNO,Proyecto de Referencia n\u00famero: ID 10112492, en el que participan organizaciones del sector n\u00e1utico europeo, instituciones, docentes y astilleros de seis pa\u00edses diferentes. <\/span><\/div>\n<div class=\"gmail_default\"><span style=\"font-family: inherit;\">L&#8217;objectiu de TEcoNaut \u00e9s fomentar l&#8217;\u00fas de materials sostenibles en la ind\u00fastria n\u00e0utica desenvolupats amb tecnologia de vanguardia, alhora que contribueix a impulsar la carrera cap a la transici\u00f3 ecol\u00f2gica i les oportunitats d&#8217;ocupaci\u00f3 que ofereix la construcci\u00f3 n\u00e0utica \u00abeco\u00bb<\/span><\/div>\n<p>[\/et_pb_accordion_item][\/et_pb_accordion][et_pb_image src=\u00bbhttp:\/\/centredelamar.com\/wp-content\/uploads\/2024\/05\/Banner-web-1.jpg\u00bb title_text=\u00bbBanner web (1)\u00bb url=\u00bbhttps:\/\/teconaut.eu\/es\/\u00bb _builder_version=\u00bb4.24.2&#8243; _module_preset=\u00bbdefault\u00bb global_colors_info=\u00bb{}\u00bb][\/et_pb_image][et_pb_accordion icon_color=\u00bb#e31e52&#8243; use_icon_font_size=\u00bbon\u00bb icon_font_size=\u00bb21px\u00bb module_class=\u00bbdocumentos\u00bb _builder_version=\u00bb4.27.4&#8243; _module_preset=\u00bbdefault\u00bb toggle_font_size=\u00bb18px\u00bb body_link_font=\u00bb||||||||\u00bb global_colors_info=\u00bb{}\u00bb][et_pb_accordion_item title=\u00bb1&#8243; _builder_version=\u00bb4.18.0&#8243; _module_preset=\u00bbdefault\u00bb custom_margin=\u00bb||5px||false|false\u00bb custom_css_main_element=\u00bbdisplay:none\u00bb global_colors_info=\u00bb{}\u00bb open=\u00bbon\u00bb][\/et_pb_accordion_item][et_pb_accordion_item title=\u00bbCl\u00e1usula de exenci\u00f3n de responsabilidad\u00bb open=\u00bboff\u00bb _builder_version=\u00bb4.27.4&#8243; _module_preset=\u00bbdefault\u00bb body_link_font=\u00bb||on||||||\u00bb custom_margin=\u00bb||5px||false|false\u00bb global_colors_info=\u00bb{}\u00bb]<\/p>\n<div class=\"gmail_default\"><span>Financiado por la Uni\u00f3n Europea. El contenido de esta publicaci\u00f3n es responsabilidad exclusiva del Servicio de Ocupaci\u00f3n de las Islas Baleares y la Uni\u00f3n Europea no es  <\/span><span>responsable del uso que pueda hacerse de la informaci\u00f3n aqu\u00ed difundida.<\/span><\/div>\n<p>[\/et_pb_accordion_item][\/et_pb_accordion][\/et_pb_column][\/et_pb_row][\/et_pb_section][et_pb_section fb_built=\u00bb1&#8243; disabled_on=\u00bboff|off|off\u00bb _builder_version=\u00bb4.19.5&#8243; _module_preset=\u00bbdefault\u00bb custom_padding=\u00bb45px||0px||false|false\u00bb da_disable_devices=\u00bboff|off|off\u00bb global_colors_info=\u00bb{}\u00bb da_is_popup=\u00bboff\u00bb da_exit_intent=\u00bboff\u00bb da_has_close=\u00bbon\u00bb da_alt_close=\u00bboff\u00bb da_dark_close=\u00bboff\u00bb da_not_modal=\u00bbon\u00bb da_is_singular=\u00bboff\u00bb da_with_loader=\u00bboff\u00bb da_has_shadow=\u00bbon\u00bb][\/et_pb_section]<\/p>\n","protected":false},"excerpt":{"rendered":"<p>Erasmus+ Alianzas para la Innovaci\u00f3nErasmus+ es el programa de la UE para apoyar en la educaci\u00f3n, la formaci\u00f3n, la juventud y el deporte a Europa durante el periodo 2021-2027, y es el sucesor del programa Erasmus+ 2014-20.Erasmus+ TECONAUTTEcoNaut es un proyecto financiado por la Uni\u00f3n Europea, Programa ERASMUS-EDU-2023-PI-ALL-INNO,Proyecto de Referencia n\u00famero: ID 10112492, en el [&hellip;]<\/p>\n","protected":false},"author":7,"featured_media":0,"parent":0,"menu_order":0,"comment_status":"closed","ping_status":"closed","template":"","meta":{"_acf_changed":false,"_et_pb_use_builder":"on","_et_pb_old_content":"","_et_gb_content_width":"","footnotes":"","_links_to":"","_links_to_target":""},"class_list":["post-55075","page","type-page","status-publish","hentry"],"acf":[],"publishpress_future_action":{"enabled":false,"date":"2026-04-26 15:19:55","action":"change-status","newStatus":"draft","terms":[],"taxonomy":"translation_priority","extraData":[]},"publishpress_future_workflow_manual_trigger":{"enabledWorkflows":[]},"_links":{"self":[{"href":"https:\/\/centredelamar.com\/es\/wp-json\/wp\/v2\/pages\/55075","targetHints":{"allow":["GET"]}}],"collection":[{"href":"https:\/\/centredelamar.com\/es\/wp-json\/wp\/v2\/pages"}],"about":[{"href":"https:\/\/centredelamar.com\/es\/wp-json\/wp\/v2\/types\/page"}],"author":[{"embeddable":true,"href":"https:\/\/centredelamar.com\/es\/wp-json\/wp\/v2\/users\/7"}],"replies":[{"embeddable":true,"href":"https:\/\/centredelamar.com\/es\/wp-json\/wp\/v2\/comments?post=55075"}],"version-history":[{"count":0,"href":"https:\/\/centredelamar.com\/es\/wp-json\/wp\/v2\/pages\/55075\/revisions"}],"wp:attachment":[{"href":"https:\/\/centredelamar.com\/es\/wp-json\/wp\/v2\/media?parent=55075"}],"curies":[{"name":"wp","href":"https:\/\/api.w.org\/{rel}","templated":true}]}}