{"id":54663,"date":"2024-06-10T11:23:10","date_gmt":"2024-06-10T09:23:10","guid":{"rendered":"https:\/\/centredelamar.com\/proyectos-cifp\/"},"modified":"2026-02-12T13:23:40","modified_gmt":"2026-02-12T12:23:40","slug":"erasmus-copy","status":"publish","type":"page","link":"https:\/\/centredelamar.com\/es\/erasmus-copy\/","title":{"rendered":"Proyectos CIFP"},"content":{"rendered":"<p>[et_pb_section fb_built=\u00bb1&#8243; _builder_version=\u00bb4.24.2&#8243; _module_preset=\u00bbdefault\u00bb background_color=\u00bb#f9f9f9&#8243; custom_padding=\u00bb0px||0px||false|false\u00bb da_disable_devices=\u00bboff|off|off\u00bb border_width_bottom=\u00bb1px\u00bb border_color_bottom=\u00bb#ededed\u00bb border_style_bottom=\u00bbdashed\u00bb saved_tabs=\u00bball\u00bb global_colors_info=\u00bb{}\u00bb da_is_popup=\u00bboff\u00bb da_exit_intent=\u00bboff\u00bb da_has_close=\u00bbon\u00bb da_alt_close=\u00bboff\u00bb da_dark_close=\u00bboff\u00bb da_not_modal=\u00bbon\u00bb da_is_singular=\u00bboff\u00bb da_with_loader=\u00bboff\u00bb da_has_shadow=\u00bbon\u00bb][et_pb_row column_structure=\u00bb3_5,2_5&#8243; _builder_version=\u00bb4.24.2&#8243; _module_preset=\u00bbdefault\u00bb min_height=\u00bb192.7px\u00bb custom_margin=\u00bb|auto|-45px|auto||\u00bb custom_padding=\u00bb90px||53px||false|false\u00bb global_colors_info=\u00bb{}\u00bb][et_pb_column type=\u00bb3_5&#8243; _builder_version=\u00bb4.24.2&#8243; _module_preset=\u00bbdefault\u00bb global_colors_info=\u00bb{}\u00bb][et_pb_text _builder_version=\u00bb4.24.2&#8243; _module_preset=\u00bbf000dfbd-5fc7-46b7-88db-37a369f4e677&#8243; locked=\u00bboff\u00bb global_colors_info=\u00bb{}\u00bb]<\/p>\n<h1>Proyectos CIFP<\/h1>\n<p>[\/et_pb_text][\/et_pb_column][et_pb_column type=\u00bb2_5&#8243; _builder_version=\u00bb4.16&#8243; _module_preset=\u00bbdefault\u00bb global_colors_info=\u00bb{}\u00bb][\/et_pb_column][\/et_pb_row][\/et_pb_section][et_pb_section fb_built=\u00bb1&#8243; _builder_version=\u00bb4.18.0&#8243; _module_preset=\u00bbdefault\u00bb custom_margin=\u00bb||||false|false\u00bb custom_padding=\u00bb0px||0px||false|false\u00bb da_disable_devices=\u00bboff|off|off\u00bb global_colors_info=\u00bb{}\u00bb da_is_popup=\u00bboff\u00bb da_exit_intent=\u00bboff\u00bb da_has_close=\u00bbon\u00bb da_alt_close=\u00bboff\u00bb da_dark_close=\u00bboff\u00bb da_not_modal=\u00bbon\u00bb da_is_singular=\u00bboff\u00bb da_with_loader=\u00bboff\u00bb da_has_shadow=\u00bbon\u00bb][et_pb_row custom_padding_last_edited=\u00bboff|tablet\u00bb _builder_version=\u00bb4.18.0&#8243; _module_preset=\u00bbdefault\u00bb custom_padding=\u00bb||19px||false|false\u00bb global_colors_info=\u00bb{}\u00bb][et_pb_column type=\u00bb4_4&#8243; _builder_version=\u00bb4.16&#8243; _module_preset=\u00bbdefault\u00bb global_colors_info=\u00bb{}\u00bb][et_pb_text _builder_version=\u00bb4.24.2&#8243; _module_preset=\u00bbdefault\u00bb header_3_font=\u00bb|||on|||||\u00bb header_3_font_size=\u00bb19px\u00bb custom_margin=\u00bb||-8px||false|false\u00bb custom_padding=\u00bb||||false|false\u00bb border_color_bottom=\u00bb#ededed\u00bb border_style_bottom=\u00bbdashed\u00bb global_colors_info=\u00bb{}\u00bb]<\/p>\n<p><i><span>Programa financiado por el Ministerio de Educaci\u00f3n, Formaci\u00f3n Profesional y Deportes y por la Uni\u00f3n Europea-NextGenerationEU, en el marco del Mecanismo del Plan de Recuperaci\u00f3n, Transformaci\u00f3n y Resiliencia<\/span><\/i><\/p>\n<p>[\/et_pb_text][\/et_pb_column][\/et_pb_row][\/et_pb_section][et_pb_section fb_built=\u00bb1&#8243; _builder_version=\u00bb4.18.0&#8243; _module_preset=\u00bbdefault\u00bb custom_padding=\u00bb45px||0px||false|false\u00bb da_disable_devices=\u00bboff|off|off\u00bb global_colors_info=\u00bb{}\u00bb da_is_popup=\u00bboff\u00bb da_exit_intent=\u00bboff\u00bb da_has_close=\u00bbon\u00bb da_alt_close=\u00bboff\u00bb da_dark_close=\u00bboff\u00bb da_not_modal=\u00bbon\u00bb da_is_singular=\u00bboff\u00bb da_with_loader=\u00bboff\u00bb da_has_shadow=\u00bbon\u00bb][et_pb_row disabled_on=\u00bboff|off|off\u00bb _builder_version=\u00bb4.19.5&#8243; _module_preset=\u00bbdefault\u00bb custom_padding=\u00bb||0px||false|false\u00bb border_width_top=\u00bb1px\u00bb border_color_top=\u00bb#ededed\u00bb border_style_top=\u00bbdashed\u00bb global_colors_info=\u00bb{}\u00bb][et_pb_column type=\u00bb4_4&#8243; _builder_version=\u00bb4.16&#8243; _module_preset=\u00bbdefault\u00bb global_colors_info=\u00bb{}\u00bb][et_pb_text _builder_version=\u00bb4.24.2&#8243; _module_preset=\u00bbdefault\u00bb header_3_font=\u00bb||||||||\u00bb header_3_font_size=\u00bb25px\u00bb custom_margin=\u00bb||30px||false|false\u00bb custom_margin_tablet=\u00bb||30px||false|false\u00bb custom_margin_phone=\u00bb||30px||false|false\u00bb custom_margin_last_edited=\u00bbon|phone\u00bb custom_padding=\u00bb||||false|false\u00bb header_3_text_align_tablet=\u00bb\u00bb header_3_text_align_phone=\u00bbcenter\u00bb header_3_text_align_last_edited=\u00bbon|phone\u00bb border_color_top=\u00bb#ededed\u00bb border_style_top=\u00bbdashed\u00bb border_color_bottom=\u00bb#ededed\u00bb border_style_bottom=\u00bbdashed\u00bb global_colors_info=\u00bb{}\u00bb]<\/p>\n<h3>Proyectos del Centre de la Mar<\/h3>\n<p>[\/et_pb_text][et_pb_accordion icon_color=\u00bb#e31e52&#8243; use_icon_font_size=\u00bbon\u00bb icon_font_size=\u00bb21px\u00bb module_class=\u00bbdocumentos\u00bb _builder_version=\u00bb4.27.5&#8243; _module_preset=\u00bbdefault\u00bb toggle_font_size=\u00bb18px\u00bb body_link_font=\u00bb||||||||\u00bb hover_enabled=\u00bb0&#8243; global_colors_info=\u00bb{}\u00bb sticky_enabled=\u00bb0&#8243;][et_pb_accordion_item title=\u00bb1&#8243; open=\u00bbon\u00bb _builder_version=\u00bb4.18.0&#8243; _module_preset=\u00bbdefault\u00bb custom_margin=\u00bb||5px||false|false\u00bb custom_css_main_element=\u00bbdisplay:none\u00bb global_colors_info=\u00bb{}\u00bb][\/et_pb_accordion_item][et_pb_accordion_item title=\u00bbAula de emprendimiento\u00bb _builder_version=\u00bb4.27.5&#8243; _module_preset=\u00bbdefault\u00bb body_link_font=\u00bb||on||||||\u00bb custom_margin=\u00bb||5px||false|false\u00bb hover_enabled=\u00bb0&#8243; global_colors_info=\u00bb{}\u00bb open=\u00bboff\u00bb sticky_enabled=\u00bb0&#8243;]<\/p>\n<p>El aula de emprendedur\u00eda es un proyecto dirigido al alumnado actual y antiguo alumnado, que tiene como finalidad:<\/p>\n<ol>\n<li>Fomentar la cultura emprendedora.<\/li>\n<li>Mejorar la comunicaci\u00f3n verbal.<\/li>\n<li>Detectar carencias y oportunidades de empleo.<\/li>\n<li>Visitar empresas del sector y fomentar sinergias entre empresas y centro educativo.<\/li>\n<\/ol>\n<div>Para mas informaci\u00f3n contactar por email a: <a href=\"mailto:secretariacifp@centredelamar.com\">secretariacifp@centredelamar.com<\/a><\/div>\n<div><\/div>\n<div><strong>NOTICIAS: <\/strong><\/div>\n<div><\/div>\n<div>\n<blockquote class=\"wp-embedded-content\" data-secret=\"asRBtWTJ4P\"><p><a href=\"https:\/\/centredelamar.com\/lalumnat-del-cifp-centre-de-la-mar-presenta-un-projecte-de-marqueting-aplicat-al-sector-nautic-al-club-maritim-de-mao-13-3-25\/\">L\u2019alumnat del CIFP Centre de la Mar presenta un projecte de m\u00e0rqueting aplicat al sector n\u00e0utic al Club Mar\u00edtim de Ma\u00f3 (13\/3\/25)<\/a><\/p><\/blockquote>\n<p><iframe loading=\"lazy\" class=\"wp-embedded-content\" sandbox=\"allow-scripts\" security=\"restricted\" style=\"position: absolute; visibility: hidden;\" title=\"&#8220;L\u2019alumnat del CIFP Centre de la Mar presenta un projecte de m\u00e0rqueting aplicat al sector n\u00e0utic al Club Mar\u00edtim de Ma\u00f3 (13\/3\/25)&#8221; &#8212; Centre de la Mar\" src=\"https:\/\/centredelamar.com\/lalumnat-del-cifp-centre-de-la-mar-presenta-un-projecte-de-marqueting-aplicat-al-sector-nautic-al-club-maritim-de-mao-13-3-25\/embed\/#?secret=8JdapJYSA4#?secret=asRBtWTJ4P\" data-secret=\"asRBtWTJ4P\" width=\"600\" height=\"338\" frameborder=\"0\" marginwidth=\"0\" marginheight=\"0\" scrolling=\"no\"><\/iframe><\/p>\n<blockquote class=\"wp-embedded-content\" data-secret=\"oORBtyPI0S\"><p><a href=\"https:\/\/centredelamar.com\/el-cifp-centre-de-la-mar-reuneix-el-sector-nautic-per-definir-reptes-de-futur-15-5-25\/\">El CIFP Centre de la Mar reuneix el sector n\u00e0utic per definir reptes de futur (15\/5\/25)<\/a><\/p><\/blockquote>\n<p><iframe loading=\"lazy\" class=\"wp-embedded-content\" sandbox=\"allow-scripts\" security=\"restricted\" style=\"position: absolute; visibility: hidden;\" title=\"&#8220;El CIFP Centre de la Mar reuneix el sector n\u00e0utic per definir reptes de futur (15\/5\/25)&#8221; &#8212; Centre de la Mar\" src=\"https:\/\/centredelamar.com\/el-cifp-centre-de-la-mar-reuneix-el-sector-nautic-per-definir-reptes-de-futur-15-5-25\/embed\/#?secret=qCyDygipmX#?secret=oORBtyPI0S\" data-secret=\"oORBtyPI0S\" width=\"600\" height=\"338\" frameborder=\"0\" marginwidth=\"0\" marginheight=\"0\" scrolling=\"no\"><\/iframe><\/p>\n<\/div>\n<p>[\/et_pb_accordion_item][\/et_pb_accordion][\/et_pb_column][\/et_pb_row][\/et_pb_section][et_pb_section fb_built=\u00bb1&#8243; disabled_on=\u00bboff|off|off\u00bb _builder_version=\u00bb4.19.5&#8243; _module_preset=\u00bbdefault\u00bb custom_padding=\u00bb45px||0px||false|false\u00bb da_disable_devices=\u00bboff|off|off\u00bb global_colors_info=\u00bb{}\u00bb da_is_popup=\u00bboff\u00bb da_exit_intent=\u00bboff\u00bb da_has_close=\u00bbon\u00bb da_alt_close=\u00bboff\u00bb da_dark_close=\u00bboff\u00bb da_not_modal=\u00bbon\u00bb da_is_singular=\u00bboff\u00bb da_with_loader=\u00bboff\u00bb da_has_shadow=\u00bbon\u00bb][et_pb_row _builder_version=\u00bb4.24.2&#8243; _module_preset=\u00bbdefault\u00bb global_colors_info=\u00bb{}\u00bb][et_pb_column type=\u00bb4_4&#8243; _builder_version=\u00bb4.24.2&#8243; _module_preset=\u00bbdefault\u00bb global_colors_info=\u00bb{}\u00bb][et_pb_image src=\u00bbhttp:\/\/centredelamar.com\/wp-content\/uploads\/2024\/06\/Fons.jpg\u00bb title_text=\u00bbFons\u00bb url=\u00bbhttps:\/\/www.caib.es\/sites\/fseeducacio\/ca\/portada\/?campa=yes\u00bb _builder_version=\u00bb4.24.2&#8243; _module_preset=\u00bbdefault\u00bb global_colors_info=\u00bb{}\u00bb][\/et_pb_image][\/et_pb_column][\/et_pb_row][\/et_pb_section]<\/p>\n","protected":false},"excerpt":{"rendered":"<p>Proyectos CIFPPrograma financiado por el Ministerio de Educaci\u00f3n, Formaci\u00f3n Profesional y Deportes y por la Uni\u00f3n Europea-NextGenerationEU, en el marco del Mecanismo del Plan de Recuperaci\u00f3n, Transformaci\u00f3n y ResilienciaProyectos del Centre de la MarEl aula de emprendedur\u00eda es un proyecto dirigido al alumnado actual y antiguo alumnado, que tiene como finalidad: Fomentar la cultura emprendedora. [&hellip;]<\/p>\n","protected":false},"author":7,"featured_media":0,"parent":0,"menu_order":0,"comment_status":"closed","ping_status":"closed","template":"","meta":{"_acf_changed":false,"_et_pb_use_builder":"on","_et_pb_old_content":"","_et_gb_content_width":"","footnotes":"","_links_to":"","_links_to_target":""},"class_list":["post-54663","page","type-page","status-publish","hentry"],"acf":[],"publishpress_future_action":{"enabled":false,"date":"2026-05-21 12:56:17","action":"change-status","newStatus":"draft","terms":[],"taxonomy":"translation_priority","extraData":[]},"publishpress_future_workflow_manual_trigger":{"enabledWorkflows":[]},"_links":{"self":[{"href":"https:\/\/centredelamar.com\/es\/wp-json\/wp\/v2\/pages\/54663","targetHints":{"allow":["GET"]}}],"collection":[{"href":"https:\/\/centredelamar.com\/es\/wp-json\/wp\/v2\/pages"}],"about":[{"href":"https:\/\/centredelamar.com\/es\/wp-json\/wp\/v2\/types\/page"}],"author":[{"embeddable":true,"href":"https:\/\/centredelamar.com\/es\/wp-json\/wp\/v2\/users\/7"}],"replies":[{"embeddable":true,"href":"https:\/\/centredelamar.com\/es\/wp-json\/wp\/v2\/comments?post=54663"}],"version-history":[{"count":7,"href":"https:\/\/centredelamar.com\/es\/wp-json\/wp\/v2\/pages\/54663\/revisions"}],"predecessor-version":[{"id":56636,"href":"https:\/\/centredelamar.com\/es\/wp-json\/wp\/v2\/pages\/54663\/revisions\/56636"}],"wp:attachment":[{"href":"https:\/\/centredelamar.com\/es\/wp-json\/wp\/v2\/media?parent=54663"}],"curies":[{"name":"wp","href":"https:\/\/api.w.org\/{rel}","templated":true}]}}