{"id":50181,"date":"2020-12-11T18:34:58","date_gmt":"2020-12-11T17:34:58","guid":{"rendered":"http:\/\/centredelamar.com\/politica-de-la-calidad\/"},"modified":"2025-10-15T09:50:28","modified_gmt":"2025-10-15T07:50:28","slug":"politica-de-la-calidad","status":"publish","type":"page","link":"https:\/\/centredelamar.com\/es\/politica-de-la-calidad\/","title":{"rendered":"Pol\u00edtica de calidad"},"content":{"rendered":"<p>[et_pb_section fb_built=\u00bb1&#8243; _builder_version=\u00bb4.16&#8243; _module_preset=\u00bbdefault\u00bb background_color=\u00bb#f9f9f9&#8243; custom_padding=\u00bb0px||0px||false|false\u00bb da_disable_devices=\u00bboff|off|off\u00bb border_width_bottom=\u00bb1px\u00bb border_color_bottom=\u00bb#ededed\u00bb border_style_bottom=\u00bbdashed\u00bb global_colors_info=\u00bb{}\u00bb da_is_popup=\u00bboff\u00bb da_exit_intent=\u00bboff\u00bb da_has_close=\u00bbon\u00bb da_alt_close=\u00bboff\u00bb da_dark_close=\u00bboff\u00bb da_not_modal=\u00bbon\u00bb da_is_singular=\u00bboff\u00bb da_with_loader=\u00bboff\u00bb da_has_shadow=\u00bbon\u00bb][et_pb_row _builder_version=\u00bb4.16&#8243; _module_preset=\u00bbdefault\u00bb custom_padding=\u00bb50px||||false|false\u00bb global_colors_info=\u00bb{}\u00bb][et_pb_column type=\u00bb4_4&#8243; _builder_version=\u00bb4.16&#8243; _module_preset=\u00bbdefault\u00bb global_colors_info=\u00bb{}\u00bb][et_pb_text _builder_version=\u00bb4.16&#8243; _module_preset=\u00bbdefault\u00bb text_font=\u00bbBariol Bold||||||||\u00bb text_text_color=\u00bb#e01e4f\u00bb text_font_size=\u00bb32px\u00bb text_line_height=\u00bb1.3em\u00bb text_font_size_tablet=\u00bb\u00bb text_font_size_phone=\u00bb26px\u00bb text_font_size_last_edited=\u00bbon|phone\u00bb global_colors_info=\u00bb{}\u00bb]<\/p>\n<p>Pol\u00edtica de calidad<\/p>\n<p>[\/et_pb_text][\/et_pb_column][\/et_pb_row][\/et_pb_section][et_pb_section fb_built=\u00bb1&#8243; _builder_version=\u00bb4.16&#8243; _module_preset=\u00bbdefault\u00bb custom_padding=\u00bb40px||30px||false|false\u00bb da_disable_devices=\u00bboff|off|off\u00bb global_colors_info=\u00bb{}\u00bb da_is_popup=\u00bboff\u00bb da_exit_intent=\u00bboff\u00bb da_has_close=\u00bbon\u00bb da_alt_close=\u00bboff\u00bb da_dark_close=\u00bboff\u00bb da_not_modal=\u00bbon\u00bb da_is_singular=\u00bboff\u00bb da_with_loader=\u00bboff\u00bb da_has_shadow=\u00bbon\u00bb][et_pb_row _builder_version=\u00bb4.16&#8243; _module_preset=\u00bbdefault\u00bb global_colors_info=\u00bb{}\u00bb][et_pb_column type=\u00bb4_4&#8243; _builder_version=\u00bb4.16&#8243; _module_preset=\u00bbdefault\u00bb global_colors_info=\u00bb{}\u00bb][et_pb_text _builder_version=\u00bb4.27.4&#8243; _module_preset=\u00bbdefault\u00bb ul_font_size=\u00bb16px\u00bb ul_line_height=\u00bb1.7em\u00bb hover_enabled=\u00bb0&#8243; global_colors_info=\u00bb{}\u00bb sticky_enabled=\u00bb0&#8243;]<\/p>\n<p>POL\u00cdTICA DE CALIDAD CIFP Centre de la Mar<\/p>\n<p>El Centro Integrado de Formaci\u00f3n Profesional Centre de la Mar (CIFP Centre de la Mar), radicado en el centro formativo de titularidad del Servicio de Ocupaci\u00f3n de las Islas Baleares (SOIB), inici\u00f3 de forma aut\u00f3noma en 2018 las actividades en la formaci\u00f3n profesional reglada que ofrece la Conseller\u00eda de Educaci\u00f3n y Universidades.<\/p>\n<p>El CIFP Centre de la Mar considera que la calidad en la gesti\u00f3n de la formaci\u00f3n es esencial para aportar valor no solo al alumnado y a los usuarios de una entidad p\u00fablica como la nuestra, sino tambi\u00e9n a la sociedad en su conjunto.<\/p>\n<p>Por eso, reafirmamos la voluntad y el compromiso del centro con la consolidaci\u00f3n y la mejora continua de un sistema de gesti\u00f3n propio basado en la calidad y la excelencia.<\/p>\n<p>Con esta declaraci\u00f3n, la direcci\u00f3n y el equipo humano del CIFP Centre de la Mar refrendamos nuestro compromiso con el Sistema de Gesti\u00f3n de Calidad UNE-EN-ISO 9001:2015, y asumimos la responsabilidad de revisar peri\u00f3dicamente esta pol\u00edtica, velando por su cumplimiento y adecuaci\u00f3n a un entorno cambiante y a la necesidad de una educaci\u00f3n profesional de calidad, adaptada y a la vez impulsora de los sectores productivos y econ\u00f3micos de nuestro entorno.<\/p>\n<p>Principios de actuaci\u00f3n<\/p>\n<p>Los principios que fundamentan nuestra iniciativa para lograr la mejora continua y la consecuci\u00f3n de los objetivos de la organizaci\u00f3n son:<br \/>Garantizar la satisfacci\u00f3n del alumnado y de la ciudadan\u00eda mediante la prestaci\u00f3n de servicios formativos de calidad, basados en la mejora continuada y la excelencia operativa.<br \/>Cumplir los requisitos legales y normativos aplicables, as\u00ed como aquellos que el centro subscriba, y evaluar peri\u00f3dicamente el grado de cumplimiento en todas las \u00e1reas de actividad.<br \/>Mantener una comunicaci\u00f3n pr\u00f3xima y efectiva con el alumnado, sus familias, el personal del centro y los agentes colaboradores, fomentando un clima de confianza y colaboraci\u00f3n.<br \/>Detectar y adaptarnos a las necesidades del alumnado y de las partes interesadas, mejorando constantemente nuestros servicios y estableciendo pol\u00edticas de gesti\u00f3n exigentes y transparentes.<br \/>Actualizar y optimizar los recursos humanos y materiales, promoviendo desde la direcci\u00f3n pol\u00edticas de crecimiento profesional, innovaci\u00f3n y colaboraci\u00f3n con el entorno.<br \/>Preservar y transmitir el conocimiento generado por el centro, favoreciendo el aprendizaje organizativo y la consolidaci\u00f3n de buenas pr\u00e1cticas para la mejora de los procesos.<br \/>Priorizar la seguridad y el bienestar de las personas, promoviendo una cultura preventiva, saludable y respetuosa con el medio ambiente.<br \/>Fomentar una pol\u00edtica ambiental responsable, reduciendo el impacto ambiental y minimizando la generaci\u00f3n de residuos y emisiones.<\/p>\n<p>\u00daltima revisi\u00f3n: Septiembre de 2025.<\/p>\n<p>La Direcci\u00f3n del CIFP CENTRE DE LA MAR<\/p>\n<p>[\/et_pb_text][\/et_pb_column][\/et_pb_row][\/et_pb_section]<\/p>\n","protected":false},"excerpt":{"rendered":"<p>Pol\u00edtica de calidadPOL\u00cdTICA DE CALIDAD CIFP Centre de la MarEl Centro Integrado de Formaci\u00f3n Profesional Centre de la Mar (CIFP Centre de la Mar), radicado en el centro formativo de titularidad del Servicio de Ocupaci\u00f3n de las Islas Baleares (SOIB), inici\u00f3 de forma aut\u00f3noma en 2018 las actividades en la formaci\u00f3n profesional reglada que ofrece [&hellip;]<\/p>\n","protected":false},"author":1,"featured_media":0,"parent":0,"menu_order":0,"comment_status":"closed","ping_status":"closed","template":"","meta":{"_acf_changed":false,"_et_pb_use_builder":"on","_et_pb_old_content":"","_et_gb_content_width":"","footnotes":"","_links_to":"","_links_to_target":""},"class_list":["post-50181","page","type-page","status-publish","hentry"],"acf":[],"publishpress_future_action":{"enabled":false,"date":"2026-05-12 13:26:26","action":"change-status","newStatus":"draft","terms":[],"taxonomy":"translation_priority","extraData":[]},"publishpress_future_workflow_manual_trigger":{"enabledWorkflows":[]},"_links":{"self":[{"href":"https:\/\/centredelamar.com\/es\/wp-json\/wp\/v2\/pages\/50181","targetHints":{"allow":["GET"]}}],"collection":[{"href":"https:\/\/centredelamar.com\/es\/wp-json\/wp\/v2\/pages"}],"about":[{"href":"https:\/\/centredelamar.com\/es\/wp-json\/wp\/v2\/types\/page"}],"author":[{"embeddable":true,"href":"https:\/\/centredelamar.com\/es\/wp-json\/wp\/v2\/users\/1"}],"replies":[{"embeddable":true,"href":"https:\/\/centredelamar.com\/es\/wp-json\/wp\/v2\/comments?post=50181"}],"version-history":[{"count":5,"href":"https:\/\/centredelamar.com\/es\/wp-json\/wp\/v2\/pages\/50181\/revisions"}],"predecessor-version":[{"id":56251,"href":"https:\/\/centredelamar.com\/es\/wp-json\/wp\/v2\/pages\/50181\/revisions\/56251"}],"wp:attachment":[{"href":"https:\/\/centredelamar.com\/es\/wp-json\/wp\/v2\/media?parent=50181"}],"curies":[{"name":"wp","href":"https:\/\/api.w.org\/{rel}","templated":true}]}}